{"id":14971,"date":"2024-09-19T17:35:40","date_gmt":"2024-09-19T15:35:40","guid":{"rendered":"https:\/\/handbag-sense.com\/?post_type=product&#038;p=14971"},"modified":"2025-05-06T11:54:56","modified_gmt":"2025-05-06T09:54:56","slug":"hermes-kelly-40-retourne-togo-etoupe","status":"publish","type":"product","link":"https:\/\/handbag-sense.com\/de\/produkt\/hermes-kelly-40-retourne-togo-etoupe\/","title":{"rendered":"Kelly 40 Retourne Togo Etoupe"},"content":{"rendered":"<div class=\"c-columns-m-1 c-columns-2 c-columns-gap-s\">\n<div><strong>Material:<\/strong> Togo Leder<br \/>\n<strong>Farbe:<\/strong> Etoupe<br \/>\n<strong>Metallelemente:<\/strong> Palladium Hardware<br \/>\n<strong>Innenmaterial:<\/strong> Leder<\/div>\n<div><strong>Bewertung:<\/strong> 2 <img decoding=\"async\" class=\"info_box alignnone size-medium wp-image-885\" title=\"Info\" role=\"img\" src=\"https:\/\/handbag-sense.com\/wp-content\/uploads\/2023\/05\/info_icon.svg\" alt=\"info box\" width=\"15\" height=\"15\"><br \/>\n<strong>Produktionsjahr\/Stempel:<\/strong> 2014 \/ Q<br \/>\n<strong>Gr\u00f6\u00dfe:<\/strong> 40 x 28 x 15 cm<br \/>\n<strong>Versand:<\/strong> Weltweit<\/div>\n<div><\/div>\n<p><strong>Enth\u00e4lt:<\/strong> Originalquittung, Staubbeutel, Gurt, Clochette, Schloss, Schl\u00fcssel<\/p>\n<\/div>\n","protected":false},"excerpt":{"rendered":"<p><strong>Herm\u00e8s Kelly 40 Retourne Togo Etoupe mit Palladium-Hardware.<\/strong><\/p>\n<p>Diese ikonische Herm\u00e8s Kelly 40 Retourne Handtasche ist handgefertigt aus Etoupe-farbenem Togo-Leder, erg\u00e4nzt durch Palladium-Beschl\u00e4ge. Diese Kelly Tasche wurde nur einmal anprobiert und befindet sich in einem neuwertigen Zustand. Es wird komplett mit einem Schloss, zwei Schl\u00fcsseln, dem originalen Schultergurt, einer Schutztasche und einer Herm\u00e8s-Quittung geliefert. Die Kelly 40 kann auch elegant als Umh\u00e4ngetasche getragen werden, was ihrer zeitlosen Ausstrahlung Vielseitigkeit verleiht.   <\/p>\n<p>Als Symbol f\u00fcr Raffinesse und Klasse ist die Herm\u00e8s Kelly seit Jahrzehnten ein Emblem f\u00fcr Luxus. Diese spezielle Tasche tr\u00e4gt den Stempel \"Q\", der sie als Produktion aus dem Jahr 2013 kennzeichnet. <\/p>\n<p>&nbsp;<\/p>\n","protected":false},"featured_media":14965,"template":"","meta":[],"product_brand":[2404],"product_cat":[347],"product_tag":[2356,2357],"class_list":{"0":"post-14971","1":"product","2":"type-product","3":"status-publish","4":"has-post-thumbnail","6":"product_brand-hermes-de","7":"product_cat-handtasche","8":"product_tag-hermes-kelly-40-de","9":"product_tag-kelly-togo-etoupe-de","10":"pa_brand-hermes-de","11":"pa_color-taupe-de","12":"pa_grade-grad-3","13":"pa_hermes-models-kelly-de","14":"pa_material-leder","16":"first","17":"outofstock","18":"shipping-taxable","19":"product-type-simple"},"_links":{"self":[{"href":"https:\/\/handbag-sense.com\/de\/wp-json\/wp\/v2\/product\/14971","targetHints":{"allow":["GET"]}}],"collection":[{"href":"https:\/\/handbag-sense.com\/de\/wp-json\/wp\/v2\/product"}],"about":[{"href":"https:\/\/handbag-sense.com\/de\/wp-json\/wp\/v2\/types\/product"}],"wp:featuredmedia":[{"embeddable":true,"href":"https:\/\/handbag-sense.com\/de\/wp-json\/wp\/v2\/media\/14965"}],"wp:attachment":[{"href":"https:\/\/handbag-sense.com\/de\/wp-json\/wp\/v2\/media?parent=14971"}],"wp:term":[{"taxonomy":"product_brand","embeddable":true,"href":"https:\/\/handbag-sense.com\/de\/wp-json\/wp\/v2\/product_brand?post=14971"},{"taxonomy":"product_cat","embeddable":true,"href":"https:\/\/handbag-sense.com\/de\/wp-json\/wp\/v2\/product_cat?post=14971"},{"taxonomy":"product_tag","embeddable":true,"href":"https:\/\/handbag-sense.com\/de\/wp-json\/wp\/v2\/product_tag?post=14971"}],"curies":[{"name":"wp","href":"https:\/\/api.w.org\/{rel}","templated":true}]}}