{"id":14932,"date":"2024-09-07T09:11:25","date_gmt":"2024-09-07T07:11:25","guid":{"rendered":"https:\/\/handbag-sense.com\/?post_type=product&#038;p=14932"},"modified":"2025-05-06T11:54:58","modified_gmt":"2025-05-06T09:54:58","slug":"hermes-kelly-mini-epsom-vert-jade-bleu-paradise","status":"publish","type":"product","link":"https:\/\/handbag-sense.com\/de\/produkt\/hermes-kelly-mini-epsom-vert-jade-bleu-paradise\/","title":{"rendered":"Kelly Mini Epsom Vert Jade \/ Bleu Paradise"},"content":{"rendered":"<div class=\"c-columns-m-1 c-columns-2 c-columns-gap-s\">\n<div><strong>Material:<\/strong> Epsom-Leder<br \/>\n<strong>Farbe:<\/strong> Vert Jade \/ Bleu Paradise<br \/>\n<strong>Metallelemente:<\/strong> Palladium Hardware<br \/>\n<strong>Innenmaterial:<\/strong> Leder<\/div>\n<div><strong>Bewertung:<\/strong> 1 <img decoding=\"async\" class=\"info_box alignnone size-medium wp-image-885\" title=\"Info\" role=\"img\" src=\"https:\/\/handbag-sense.com\/wp-content\/uploads\/2023\/05\/info_icon.svg\" alt=\"info box\" width=\"15\" height=\"15\"><br \/>\n<strong>Produktionsjahr \/ Stempel:<\/strong> 2024 \/ B<br \/>\n<strong>Gr\u00f6\u00dfe:<\/strong> 20 x 12 x 6 cm<br \/>\n<strong>Versand:<\/strong> Weltweit<\/div>\n<\/div>\n<p><strong>Enth\u00e4lt:<\/strong> Originalquittung, Staubbeutel, Gurt, Filz, Booklet, Box<\/p>\n","protected":false},"excerpt":{"rendered":"<p><strong>Herm\u00e8s Kelly Mini Epsom Vert Jade \/ Bleu Paradise mit Palladium-Hardware.<\/strong> Erleben Sie den Charme der <strong>Herm\u00e8s Kelly 20 Mini<\/strong> Epsom in der Farbe Vert Jade \u2013 ein exquisites Meisterwerk in Miniatur, das Ihren Stil auf ein neues Level hebt. Die silberne Hardware und der Riemen in 2 Farben: Vert Jade und Bleu Paradise verleihen der Tasche eine zus\u00e4tzliche Dimension der Eleganz, w\u00e4hrend das strapazierf\u00e4hige Epsom-Leder sowohl ein luxuri\u00f6ses Gef\u00fchl als auch eine zeitlose \u00c4sthetik bietet.  Diese wundersch\u00f6ne Kelly 20 im Sellier-Stil ist absolut neu und nie getragen, wird mit der Originalquittung von 2024 geliefert. Im Lieferumfang enthalten sind ein Schultergurt, ein Herm\u00e8s-Staubbeutel und die orangefarbene Box. Es kann auch sch\u00f6n als Umh\u00e4ngetasche getragen werden. Die <strong>Mini Kelly Bag<\/strong> ist perfekt f\u00fcr alle, die die feineren Details zu sch\u00e4tzen wissen. Mit seiner kompakten Gr\u00f6\u00dfe ist er der ideale Begleiter f\u00fcr besondere Anl\u00e4sse oder als stilvolles Accessoire f\u00fcr den Alltag. Ob als besonderes Geschenk oder als Statement-Piece f\u00fcr Ihren individuellen Style \u2013 diese Mini Kelly Bag wird Ihren Look auf subtile Weise perfektionieren. Holen Sie sich jetzt Ihren <strong>Kelly 20 Mini<\/strong> und erkunden Sie die Welt des Luxus in Miniatur.<\/p>\n","protected":false},"featured_media":18412,"template":"","meta":[],"product_brand":[2404],"product_cat":[351,344,346,342],"product_tag":[1644,1637,2035,2036],"class_list":{"0":"post-14932","1":"product","2":"type-product","3":"status-publish","4":"has-post-thumbnail","6":"product_brand-hermes-de","7":"product_cat-kleine-taschen","8":"product_cat-pochette-de","9":"product_cat-abendtasche","10":"product_cat-accessoire-de","11":"product_tag-hermes-kelly-20-de","12":"product_tag-hermes-kelly-mini-de","13":"product_tag-kelly-mini-epsom-de","14":"product_tag-kelly-mini-tricolore-de","15":"pa_brand-hermes-de","16":"pa_color-blau","17":"pa_color-gruen","18":"pa_grade-grad-1","19":"pa_hermes-models-kelly-de","20":"pa_material-leder","22":"first","23":"outofstock","24":"shipping-taxable","25":"product-type-simple"},"_links":{"self":[{"href":"https:\/\/handbag-sense.com\/de\/wp-json\/wp\/v2\/product\/14932","targetHints":{"allow":["GET"]}}],"collection":[{"href":"https:\/\/handbag-sense.com\/de\/wp-json\/wp\/v2\/product"}],"about":[{"href":"https:\/\/handbag-sense.com\/de\/wp-json\/wp\/v2\/types\/product"}],"wp:featuredmedia":[{"embeddable":true,"href":"https:\/\/handbag-sense.com\/de\/wp-json\/wp\/v2\/media\/18412"}],"wp:attachment":[{"href":"https:\/\/handbag-sense.com\/de\/wp-json\/wp\/v2\/media?parent=14932"}],"wp:term":[{"taxonomy":"product_brand","embeddable":true,"href":"https:\/\/handbag-sense.com\/de\/wp-json\/wp\/v2\/product_brand?post=14932"},{"taxonomy":"product_cat","embeddable":true,"href":"https:\/\/handbag-sense.com\/de\/wp-json\/wp\/v2\/product_cat?post=14932"},{"taxonomy":"product_tag","embeddable":true,"href":"https:\/\/handbag-sense.com\/de\/wp-json\/wp\/v2\/product_tag?post=14932"}],"curies":[{"name":"wp","href":"https:\/\/api.w.org\/{rel}","templated":true}]}}