{"id":14435,"date":"2024-08-14T17:44:33","date_gmt":"2024-08-14T15:44:33","guid":{"rendered":"https:\/\/handbag-sense.com\/?post_type=product&#038;p=14435"},"modified":"2025-05-06T11:55:00","modified_gmt":"2025-05-06T09:55:00","slug":"hermes-birkin-25-togo-hss-schwarz-vert-rousseau","status":"publish","type":"product","link":"https:\/\/handbag-sense.com\/de\/produkt\/hermes-birkin-25-togo-hss-schwarz-vert-rousseau\/","title":{"rendered":"Birkin 25 Togo HSS Schwarz \/ Vert Rousseau"},"content":{"rendered":"<div class=\"c-columns-m-1 c-columns-2 c-columns-gap-s\">\n<div><strong>Material:<\/strong> Togo Leder<br \/>\n<strong>Farbe:<\/strong> Schwarz \/ Vert Rousseau<br \/>\n<strong>Metallelemente:<\/strong> Ros\u00e9gold Hardware<br \/>\n<strong>Innenmaterial:<\/strong> Leder<\/div>\n<div><strong>Bewertung: <\/strong> 1 <img decoding=\"async\" class=\"info_box alignnone size-medium wp-image-885\" title=\"Info\" role=\"img\" src=\"https:\/\/handbag-sense.com\/wp-content\/uploads\/2023\/05\/info_icon.svg\" alt=\"info box\" width=\"15\" height=\"15\"><br \/>\n<strong>Produktionsjahr \/ Stempel:<\/strong> 2024 \/ W<br \/>\n<strong>Gr\u00f6\u00dfe:<\/strong> 25 x 20 x 13 cm<br \/>\n<strong>Versand:<\/strong> Weltweit<\/div>\n<\/div>\n<p><strong>Enth\u00e4lt:<\/strong> Originalquittung, Staubbeutel, Clochette, Schloss, Schl\u00fcssel, Filz, Heft, Box<\/p>\n","protected":false},"excerpt":{"rendered":"<p><strong>Herm\u00e8s Birkin 25 Togo HSS (Hufeisenstempel) Schwarz \/ Vert Rousseau Ros\u00e9gold Hardware.<\/strong><\/p>\n<p>Diese seltene Birkin 25 HSS Tasche verf\u00fcgt \u00fcber ein auff\u00e4lliges zweifarbiges Design in Schwarz und Vert Rousseau. Die ros\u00e9goldenen Beschl\u00e4ge sorgen f\u00fcr eine zus\u00e4tzliche Schicht Eleganz, w\u00e4hrend das Togo-Leder ein luxuri\u00f6ses Gef\u00fchl und eine zeitlose \u00c4sthetik bietet. Diese zweifarbige Birkin HSS-Tasche ist perfekt f\u00fcr alle, die die feineren Details zu sch\u00e4tzen wissen.  <\/p>\n<div class=\"group\/conversation-turn relative flex w-full min-w-0 flex-col agent-turn\">\n<div class=\"flex-col gap-1 md:gap-3\">\n<div class=\"flex max-w-full flex-col flex-grow\">\n<div class=\"min-h-[20px] text-message flex w-full flex-col items-end gap-2 whitespace-pre-wrap break-words [.text-message+&amp;]:mt-5 overflow-x-auto\" dir=\"auto\" data-message-author-role=\"assistant\" data-message-id=\"7fc87e00-bc3c-459e-8bbb-c7621a833ad4\">\n<div class=\"flex w-full flex-col gap-1 empty:hidden first:pt-[3px]\">\n<div class=\"markdown prose w-full break-words dark:prose-invert light\">\n<p>Die Birkin 25 HSS ist nagelneu, nie getragen und hat den Stempel W. Es wird mit dem Originalbeleg aus dem Jahr 2024 geliefert. Als ganz besonderes Sammlerst\u00fcck in der Gr\u00f6\u00dfe 25 cm wird es exklusiv einer VIP-Klientel angeboten. <\/p>\n<p>Dieses St\u00fcck besteht aus einer Clochette, einem Schloss mit zwei Schl\u00fcsseln, dem charakteristischen Herm\u00e8s-Staubbeutel und der ikonischen orangefarbenen Box. Mit seiner kompakten Gr\u00f6\u00dfe ist er der ideale Begleiter f\u00fcr besondere Anl\u00e4sse oder als stilvolles Accessoire f\u00fcr den Alltag. Ob als durchdachtes Geschenk oder als Statement-Piece f\u00fcr Ihren individuellen Stil, diese Birkin 25 Tasche wird Ihren Look subtil perfektionieren.  <\/p>\n<\/div>\n<\/div>\n<\/div>\n<\/div>\n<\/div>\n<\/div>\n","protected":false},"featured_media":18409,"template":"","meta":[],"product_brand":[2404],"product_cat":[347],"product_tag":[2146,1417,2360],"class_list":{"0":"post-14435","1":"product","2":"type-product","3":"status-publish","4":"has-post-thumbnail","6":"product_brand-hermes-de","7":"product_cat-handtasche","8":"product_tag-birkin-25-hss-de","9":"product_tag-hermes-birkin-25-de","10":"product_tag-hermes-birkin-hss-de","11":"pa_brand-hermes-de","12":"pa_color-schwarz","13":"pa_grade-grad-1","14":"pa_hermes-models-birkin-de","15":"pa_material-leder","17":"first","18":"outofstock","19":"shipping-taxable","20":"product-type-simple"},"_links":{"self":[{"href":"https:\/\/handbag-sense.com\/de\/wp-json\/wp\/v2\/product\/14435","targetHints":{"allow":["GET"]}}],"collection":[{"href":"https:\/\/handbag-sense.com\/de\/wp-json\/wp\/v2\/product"}],"about":[{"href":"https:\/\/handbag-sense.com\/de\/wp-json\/wp\/v2\/types\/product"}],"wp:featuredmedia":[{"embeddable":true,"href":"https:\/\/handbag-sense.com\/de\/wp-json\/wp\/v2\/media\/18409"}],"wp:attachment":[{"href":"https:\/\/handbag-sense.com\/de\/wp-json\/wp\/v2\/media?parent=14435"}],"wp:term":[{"taxonomy":"product_brand","embeddable":true,"href":"https:\/\/handbag-sense.com\/de\/wp-json\/wp\/v2\/product_brand?post=14435"},{"taxonomy":"product_cat","embeddable":true,"href":"https:\/\/handbag-sense.com\/de\/wp-json\/wp\/v2\/product_cat?post=14435"},{"taxonomy":"product_tag","embeddable":true,"href":"https:\/\/handbag-sense.com\/de\/wp-json\/wp\/v2\/product_tag?post=14435"}],"curies":[{"name":"wp","href":"https:\/\/api.w.org\/{rel}","templated":true}]}}