{"id":14394,"date":"2024-08-07T17:06:14","date_gmt":"2024-08-07T15:06:14","guid":{"rendered":"https:\/\/handbag-sense.com\/?post_type=product&#038;p=14394"},"modified":"2025-05-06T11:55:11","modified_gmt":"2025-05-06T09:55:11","slug":"hermes-kelly-pochette-swift-gold","status":"publish","type":"product","link":"https:\/\/handbag-sense.com\/de\/produkt\/hermes-kelly-pochette-swift-gold\/","title":{"rendered":"Kelly Pochette Swift Gold"},"content":{"rendered":"<div class=\"c-columns-m-1 c-columns-2 c-columns-gap-s\">\n<div><strong>Material:<\/strong> Swift Leder<br \/>\n<strong>Farbe:<\/strong> Gold<br \/>\n<strong>Metallelemente:<\/strong> Gold Hardware<br \/>\n<strong>Innenmaterial:<\/strong> Leder<\/div>\n<div><strong>Bewertung:<\/strong> 1 <img decoding=\"async\" class=\"info_box alignnone size-medium wp-image-885\" title=\"Info\" role=\"img\" src=\"https:\/\/handbag-sense.com\/wp-content\/uploads\/2023\/05\/info_icon.svg\" alt=\"info box\" width=\"15\" height=\"15\"><br \/>\n<strong>Produktionsjahr\/Stempel:<\/strong> 2023 \/ B<br \/>\n<strong>Gr\u00f6\u00dfe:<\/strong> 22 x 13 x 7 cm<br \/>\n<strong>Versand:<\/strong> Weltweit<\/div>\n<\/div>\n","protected":false},"excerpt":{"rendered":"<p><strong>Herm\u00e8s Kelly Pochette Swift Gold Gold Beschl\u00e4ge. <\/strong>Diese exquisite <strong>Herm\u00e8s Kelly Pochette<\/strong> ist handgefertigt aus Swift-Leder in der klassischen Farbe Gold, erg\u00e4nzt durch elegante goldene Beschl\u00e4ge. Sie ist vielseitig einsetzbar und kann als Abend-Clutch getragen oder mit der Farandole-Halskette gestylt werden, um sie als Umh\u00e4ngetasche oder Umh\u00e4ngetasche zu tragen. Die Tasche verf\u00fcgt \u00fcber farblich abgestimmte N\u00e4hte und einen charakteristischen Kelly-Verschluss auf der Vorderseite. Der Innenraum ist mit goldenem Leder gef\u00fcttert und verf\u00fcgt \u00fcber eine offene Tasche f\u00fcr eine einfache Organisation. Diese Kelly Pochette ist mit einem 'B' gestempelt und befindet sich in neuem und ungetragenem Zustand. Der Kauf beinhaltet die Originalquittung aus dem Jahr 2023, einen Staubbeutel und die ikonische orangefarbene Box.     <\/p>\n","protected":false},"featured_media":18403,"template":"","meta":[],"product_brand":[2404],"product_cat":[351,344,346],"product_tag":[2362,2363],"class_list":{"0":"post-14394","1":"product","2":"type-product","3":"status-publish","4":"has-post-thumbnail","6":"product_brand-hermes-de","7":"product_cat-kleine-taschen","8":"product_cat-pochette-de","9":"product_cat-abendtasche","10":"product_tag-hermes-kelly-pochette-de","11":"product_tag-kelly-pochette-gold-de","12":"pa_brand-hermes-de","13":"pa_color-gold-de","14":"pa_grade-grad-1","15":"pa_material-leder","17":"first","18":"outofstock","19":"sold-individually","20":"product-type-simple"},"_links":{"self":[{"href":"https:\/\/handbag-sense.com\/de\/wp-json\/wp\/v2\/product\/14394","targetHints":{"allow":["GET"]}}],"collection":[{"href":"https:\/\/handbag-sense.com\/de\/wp-json\/wp\/v2\/product"}],"about":[{"href":"https:\/\/handbag-sense.com\/de\/wp-json\/wp\/v2\/types\/product"}],"wp:featuredmedia":[{"embeddable":true,"href":"https:\/\/handbag-sense.com\/de\/wp-json\/wp\/v2\/media\/18403"}],"wp:attachment":[{"href":"https:\/\/handbag-sense.com\/de\/wp-json\/wp\/v2\/media?parent=14394"}],"wp:term":[{"taxonomy":"product_brand","embeddable":true,"href":"https:\/\/handbag-sense.com\/de\/wp-json\/wp\/v2\/product_brand?post=14394"},{"taxonomy":"product_cat","embeddable":true,"href":"https:\/\/handbag-sense.com\/de\/wp-json\/wp\/v2\/product_cat?post=14394"},{"taxonomy":"product_tag","embeddable":true,"href":"https:\/\/handbag-sense.com\/de\/wp-json\/wp\/v2\/product_tag?post=14394"}],"curies":[{"name":"wp","href":"https:\/\/api.w.org\/{rel}","templated":true}]}}