{"id":14325,"date":"2024-07-30T12:52:06","date_gmt":"2024-07-30T10:52:06","guid":{"rendered":"https:\/\/handbag-sense.com\/?post_type=product&#038;p=14325"},"modified":"2025-05-06T11:55:13","modified_gmt":"2025-05-06T09:55:13","slug":"hermes-birkin-35-togo-gold","status":"publish","type":"product","link":"https:\/\/handbag-sense.com\/de\/produkt\/hermes-birkin-35-togo-gold\/","title":{"rendered":"Birkin 35 Togo Gold"},"content":{"rendered":"<div class=\"c-columns-m-1 c-columns-2 c-columns-gap-s\">\n<div><strong>Material:<\/strong> Togo Leder<br \/>\n<strong>Farbe:<\/strong> Gold<br \/>\n<strong>Metallelemente:<\/strong> Palladium Hardware<br \/>\n<strong>Innenmaterial:<\/strong> Leder<\/div>\n<div><strong>Note: <\/strong> 4 <img decoding=\"async\" class=\"info_box alignnone size-medium wp-image-885\" title=\"Info\" role=\"img\" src=\"https:\/\/handbag-sense.com\/wp-content\/uploads\/2023\/05\/info_icon.svg\" alt=\"info box\" width=\"15\" height=\"15\"><br \/>\n<strong>Produktionsjahr\/Stempel:<\/strong> 2007 \/ K<br \/>\n<strong>Format:<\/strong> 35 x 25 x 18 cm<br \/>\n<strong>Versand:<\/strong> Weltweit<\/div>\n<\/div>\n<p><strong>Enth\u00e4lt:<\/strong> Staubbeutel, Clochette, Schloss, Schl\u00fcssel<\/p>\n","protected":false},"excerpt":{"rendered":"<p><strong>Herm\u00e8s Birkin 35 Togo Gold mit Palladium-Beschl\u00e4gen<\/strong>. Werten Sie Ihren Stil mit dieser ikonischen Birkin 35 auf, die handgefertigt aus Togo-Leder in der klassischen Farbe Blue Jean gefertigt und perfekt durch elegante Palladium-Hardware erg\u00e4nzt wird.  Diese Tasche verf\u00fcgt \u00fcber gerollte Ledergriffe, eine sichere Oberseite und einen Riemenverschluss, der mit einem raffinierten Palladium-Drehverschluss gekr\u00f6nt ist. Diese begehrte Handtasche ist bekannt f\u00fcr ihre Vielseitigkeit und Ger\u00e4umigkeit und eignet sich ideal f\u00fcr verschiedene Anl\u00e4sse, da sie m\u00fchelos wichtige Dinge wie Laptop, Terminkalender und Telefon unterbringt, was sie zum ultimativen Begleiter f\u00fcr professionelle Umgebungen macht. In sehr gutem Zustand weist diese Birkin einige Kratzer auf der Hardware auf. Die <strong>Birkin 35 Gold<\/strong> wird mit dem Herm\u00e8s-Staubbeutel, einer Clochette und einem Schl\u00fcsselsatz geliefert.<\/p>\n","protected":false},"featured_media":14027,"template":"","meta":[],"product_brand":[2404],"product_cat":[347],"product_tag":[2043,1501],"class_list":{"0":"post-14325","1":"product","2":"type-product","3":"status-publish","4":"has-post-thumbnail","6":"product_brand-hermes-de","7":"product_cat-handtasche","8":"product_tag-birkin-35-togo-de","9":"product_tag-hermes-birkin-35-de","10":"pa_brand-hermes-de","11":"pa_color-gold-de","12":"pa_grade-grad-4","13":"pa_hermes-models-birkin-de","14":"pa_material-leder","16":"first","17":"outofstock","18":"shipping-taxable","19":"product-type-simple"},"_links":{"self":[{"href":"https:\/\/handbag-sense.com\/de\/wp-json\/wp\/v2\/product\/14325","targetHints":{"allow":["GET"]}}],"collection":[{"href":"https:\/\/handbag-sense.com\/de\/wp-json\/wp\/v2\/product"}],"about":[{"href":"https:\/\/handbag-sense.com\/de\/wp-json\/wp\/v2\/types\/product"}],"wp:featuredmedia":[{"embeddable":true,"href":"https:\/\/handbag-sense.com\/de\/wp-json\/wp\/v2\/media\/14027"}],"wp:attachment":[{"href":"https:\/\/handbag-sense.com\/de\/wp-json\/wp\/v2\/media?parent=14325"}],"wp:term":[{"taxonomy":"product_brand","embeddable":true,"href":"https:\/\/handbag-sense.com\/de\/wp-json\/wp\/v2\/product_brand?post=14325"},{"taxonomy":"product_cat","embeddable":true,"href":"https:\/\/handbag-sense.com\/de\/wp-json\/wp\/v2\/product_cat?post=14325"},{"taxonomy":"product_tag","embeddable":true,"href":"https:\/\/handbag-sense.com\/de\/wp-json\/wp\/v2\/product_tag?post=14325"}],"curies":[{"name":"wp","href":"https:\/\/api.w.org\/{rel}","templated":true}]}}