{"id":14114,"date":"2024-07-26T17:51:23","date_gmt":"2024-07-26T15:51:23","guid":{"rendered":"https:\/\/handbag-sense.com\/?post_type=product&#038;p=14114"},"modified":"2025-05-06T13:02:41","modified_gmt":"2025-05-06T11:02:41","slug":"chanel-medium-classic-double-flap-beige-2","status":"publish","type":"product","link":"https:\/\/handbag-sense.com\/de\/produkt\/chanel-medium-classic-double-flap-beige-2\/","title":{"rendered":"Medium Classic Double Flap Beige"},"content":{"rendered":"<div class=\"c-columns-m-1 c-columns-2 c-columns-gap-s\">\n<div><strong>Material:<\/strong> Lammleder<br \/>\n<strong>Farbe:<\/strong> Beige<br \/>\n<strong>Metallelemente:<\/strong> Goldene Hardware<br \/>\n<strong>Inner material:<\/strong> Leder<\/div>\n<div><strong>Note: <\/strong>1\u00a0<img decoding=\"async\" class=\"info_box alignnone size-medium wp-image-885\" title=\"Info\" role=\"img\" src=\"https:\/\/handbag-sense.com\/wp-content\/uploads\/2023\/05\/info_icon.svg\" alt=\"info box\" width=\"15\" height=\"15\" \/><br \/>\n<strong>Jahr\/Seriennummer:<\/strong> 2017, beginnend mit 238...<br \/>\n<strong>Gr\u00f6\u00dfe:<\/strong> 25,5 x 15,5 x 6,5 cm<\/div>\n<\/div>\n<p><strong>Beinhaltet:<\/strong> Authentizit\u00e4t Karte, Staubbeutel, Originalrechnung, Box<\/p>\n","protected":false},"excerpt":{"rendered":"<p><strong>Chanel Medium Classic Double Flap in Beige.<\/strong> Die Medium Double Flap Handtasche ist ein klassische und zeitlose Tasche von Chanel. Diese Tasche ist ideal f\u00fcr jeden Anlass und bietet gen\u00fcgend Platz f\u00fcr all Ihre wichtigen Dinge. Hergestellt aus Lammleder, verf\u00fcgt sie \u00fcber einen geflochtenen Kettenriemen und ein CC-Schloss mit goldener Veredelung. Die Tasche ist in ein Hauptfach, eine Tasche und ein Rei\u00dfverschlussfach unterteilt und hat zus\u00e4tzlich eine aufgesetzte Tasche auf der R\u00fcckseite. Das Futter besteht aus dem gleichfarbigen Leder. Sie kann \u00fcber der Schulter oder als Crossbody getragen werden und bietet sowohl Komfort als auch Eleganz. Diese Handtasche geh\u00f6rt zu Chanels beliebten Klassikern. Die Chanel Tasche wurde nie getragen und befindet sich in neuwertigem Zustand. Sie wird mit einer Authentizit\u00e4tskarte, einem Chanel Staubbeutel, einer Chanel Box und der Originalrechnung geliefert.<\/p>\n","protected":false},"featured_media":18640,"template":"","meta":[],"product_brand":[2417],"product_cat":[347],"product_tag":[2352,2126],"class_list":{"0":"post-14114","1":"product","2":"type-product","3":"status-publish","4":"has-post-thumbnail","6":"product_brand-chanel-de","7":"product_cat-handtasche","8":"product_tag-chanel-doppelklappe","9":"product_tag-chanel-medium-classic-de","10":"pa_brand-chanel-de","11":"pa_chanel-models-timeless-classique-de","12":"pa_color-beige-de","13":"pa_color-kamel","14":"pa_grade-grad-1","15":"pa_material-leder","17":"first","18":"outofstock","19":"sold-individually","20":"shipping-taxable","21":"product-type-simple"},"_links":{"self":[{"href":"https:\/\/handbag-sense.com\/de\/wp-json\/wp\/v2\/product\/14114","targetHints":{"allow":["GET"]}}],"collection":[{"href":"https:\/\/handbag-sense.com\/de\/wp-json\/wp\/v2\/product"}],"about":[{"href":"https:\/\/handbag-sense.com\/de\/wp-json\/wp\/v2\/types\/product"}],"wp:featuredmedia":[{"embeddable":true,"href":"https:\/\/handbag-sense.com\/de\/wp-json\/wp\/v2\/media\/18640"}],"wp:attachment":[{"href":"https:\/\/handbag-sense.com\/de\/wp-json\/wp\/v2\/media?parent=14114"}],"wp:term":[{"taxonomy":"product_brand","embeddable":true,"href":"https:\/\/handbag-sense.com\/de\/wp-json\/wp\/v2\/product_brand?post=14114"},{"taxonomy":"product_cat","embeddable":true,"href":"https:\/\/handbag-sense.com\/de\/wp-json\/wp\/v2\/product_cat?post=14114"},{"taxonomy":"product_tag","embeddable":true,"href":"https:\/\/handbag-sense.com\/de\/wp-json\/wp\/v2\/product_tag?post=14114"}],"curies":[{"name":"wp","href":"https:\/\/api.w.org\/{rel}","templated":true}]}}