{"id":13954,"date":"2024-07-09T17:56:05","date_gmt":"2024-07-09T15:56:05","guid":{"rendered":"https:\/\/handbag-sense.com\/?post_type=product&#038;p=13954"},"modified":"2025-10-29T17:40:55","modified_gmt":"2025-10-29T16:40:55","slug":"hermes-hac-a-dos-pm-togo-plomb-rucksack","status":"publish","type":"product","link":"https:\/\/handbag-sense.com\/de\/produkt\/hermes-hac-a-dos-pm-togo-plomb-rucksack\/","title":{"rendered":"Hac A Dos PM Togo Plomb Rucksack"},"content":{"rendered":"<div class=\"c-columns-m-1 c-columns-2 c-columns-gap-s\">\n<div><strong>Material:<\/strong> Togo Leder<br \/>\n<strong>Farbe:<\/strong> Plomb<br \/>\n<strong>Metallelemente:<\/strong> Palladium Hardware<br \/>\n<strong>Innenmaterial:<\/strong> Textilfutter<\/div>\n<div><strong>Grade:<\/strong> 1 <img decoding=\"async\" class=\"info_box alignnone size-medium wp-image-885\" title=\"Info\" role=\"img\" src=\"https:\/\/handbag-sense.com\/wp-content\/uploads\/2023\/05\/info_icon.svg\" alt=\"info box\" width=\"15\" height=\"15\" \/><br \/>\n<strong>Jahresstempel:<\/strong> 2023 \/ B<br \/>\n<strong>Gr\u00f6\u00dfe:<\/strong> 28 x 18 x 8 cm<br \/>\n<strong>Versand:<\/strong> Weltweit<\/div>\n<\/div>\n<p><strong>Beinhaltet:<\/strong> Originalrechnung, Staubbeutel, Clochette, Schloss, Schl\u00fcssel, Filz, Booklet, Box<\/p>\n","protected":false},"excerpt":{"rendered":"<p><strong>Herm\u00e8s Hac A Dos PM Togo Plomb Rucksack mit Palladium Hardware.<\/strong> Dieser HAC A Dos PM Rucksack ist aus Plomb Togo Leder mit Palladium Hardware handgefertigt und verf\u00fcgt \u00fcber tonale N\u00e4hte, zwei Riemen mit vorderem Knebelverschluss und einen verstellbaren Schulterriemen. Das Innere ist mit Plomb Lammleder gef\u00fcttert und hat eine offene Tasche an der R\u00fcckwand. Ein neues Must-Have f\u00fcr M\u00e4nner, der Hac A Dos Rucksack ist perfekt f\u00fcr den t\u00e4glichen Gebrauch. Er greift auf die Wurzeln der ikonischen Haut a Courroies Linie zur\u00fcck, mit der Lederpolitur, der Handnaht, den Riemen und dem Drehverschluss. Mit einem breiten, verstellbaren Schulterriemen bietet er eine flexible Trageweise, sowohl auf dem R\u00fccken als auch an der Seite. Die\u00a0<strong>Herm\u00e8s Hac A Dos PM Plomb<\/strong> befindet sich im neuen Zustand, die Originalrechnung von 2023 wird mitgeliefert.<\/p>\n","protected":false},"featured_media":13502,"template":"","meta":[],"product_brand":[2404],"product_cat":[1586],"product_tag":[2135],"class_list":{"0":"post-13954","1":"product","2":"type-product","3":"status-publish","4":"has-post-thumbnail","6":"product_brand-hermes-de","7":"product_cat-rucksack","8":"product_tag-hermes-hac-a-dos-de","9":"pa_brand-hermes-de","10":"pa_color-schwarz","11":"pa_color-grau","12":"pa_grade-grad-1","13":"pa_hermes-models-andere-modelle","14":"pa_material-leder","16":"first","17":"outofstock","18":"shipping-taxable","19":"purchasable","20":"product-type-simple"},"_links":{"self":[{"href":"https:\/\/handbag-sense.com\/de\/wp-json\/wp\/v2\/product\/13954","targetHints":{"allow":["GET"]}}],"collection":[{"href":"https:\/\/handbag-sense.com\/de\/wp-json\/wp\/v2\/product"}],"about":[{"href":"https:\/\/handbag-sense.com\/de\/wp-json\/wp\/v2\/types\/product"}],"wp:featuredmedia":[{"embeddable":true,"href":"https:\/\/handbag-sense.com\/de\/wp-json\/wp\/v2\/media\/13502"}],"wp:attachment":[{"href":"https:\/\/handbag-sense.com\/de\/wp-json\/wp\/v2\/media?parent=13954"}],"wp:term":[{"taxonomy":"product_brand","embeddable":true,"href":"https:\/\/handbag-sense.com\/de\/wp-json\/wp\/v2\/product_brand?post=13954"},{"taxonomy":"product_cat","embeddable":true,"href":"https:\/\/handbag-sense.com\/de\/wp-json\/wp\/v2\/product_cat?post=13954"},{"taxonomy":"product_tag","embeddable":true,"href":"https:\/\/handbag-sense.com\/de\/wp-json\/wp\/v2\/product_tag?post=13954"}],"curies":[{"name":"wp","href":"https:\/\/api.w.org\/{rel}","templated":true}]}}