{"id":13605,"date":"2024-06-28T17:58:56","date_gmt":"2024-06-28T15:58:56","guid":{"rendered":"https:\/\/handbag-sense.com\/?post_type=product&#038;p=13605"},"modified":"2025-05-06T11:55:27","modified_gmt":"2025-05-06T09:55:27","slug":"hermes-kelly-28-epsom-sellier-schwarz","status":"publish","type":"product","link":"https:\/\/handbag-sense.com\/de\/produkt\/hermes-kelly-28-epsom-sellier-schwarz\/","title":{"rendered":"Kelly 28 Epsom Sellier Schwarz"},"content":{"rendered":"<div class=\"c-columns-m-1 c-columns-2 c-columns-gap-s\">\n<div><strong>Material:<\/strong> Epsom Leder<br \/>\n<strong>Farbe:<\/strong> Schwarz<br \/>\n<strong>Metallelemente:<\/strong> Palladium Hardware<br \/>\n<strong>Innenmaterial:<\/strong> Leder<\/div>\n<div><strong>Grad:<\/strong> 1 <img decoding=\"async\" class=\"info_box alignnone size-medium wp-image-885\" title=\"Info\" role=\"img\" src=\"https:\/\/handbag-sense.com\/wp-content\/uploads\/2023\/05\/info_icon.svg\" alt=\"info box\" width=\"15\" height=\"15\" \/><br \/>\n<strong>Produktionsjahr\/Jahresstempel:<\/strong> 2024\/W<br \/>\n<strong>Gr\u00f6\u00dfe:<\/strong> 28 x 22 x 10 cm<br \/>\n<strong>Versand:<\/strong> Weltweit<\/div>\n<\/div>\n<p><strong>Beinhaltet:<\/strong> Originalrechnung, Staubbeutel, Schulterriemen, Clochette, Schloss, Schl\u00fcssel, Filz, Booklet, Box<\/p>\n","protected":false},"excerpt":{"rendered":"<p><strong>Herm\u00e8s Kelly 28 Epsom Sellier Schwarz mit Palladium-Beschl\u00e4gen<\/strong>\u00a0- eine Ikone zeitloser Eleganz. Werten Sie Ihren Stil mit dieser exquisiten\u00a0<strong>Kelly 28 Sellier<\/strong>\u00a0auf, die aus dem klassischen schwarzen Epsom-Leder handgefertigt und mit Palladium-Beschl\u00e4gen verziert ist, ist diese Tasche ein wahres Meisterwerk, das m\u00fchelos von l\u00e4ssigem Denim zu glamour\u00f6ser Abendgarderobe \u00fcbergeht. Egal, ob Sie sie mit Jeans oder High Heels und Kleidern kombinieren, diese Kelly Bag ist Ihr ultimatives Modestatement. Schultergurt: Tragen Sie ihn als Handtasche oder mit dem mitgelieferten Riemen bequem \u00fcber der Schulter. Diese\u00a0<strong>Kelly 28 Epsom Black<\/strong> ist brandneu und wurde noch nie getragen, hat den Stempel W f\u00fcr das Jahr 2024. Erleben Sie noch heute die Magie von Herm\u00e8s. Bestellen Sie jetzt und f\u00fcgen Sie diese exquisite <strong>Kelly 28 schwaz<\/strong>\u00a0Ihrer Sammlung hinzu!<\/p>\n","protected":false},"featured_media":18391,"template":"","meta":[],"product_brand":[2404],"product_cat":[347],"product_tag":[1436,1999],"class_list":{"0":"post-13605","1":"product","2":"type-product","3":"status-publish","4":"has-post-thumbnail","6":"product_brand-hermes-de","7":"product_cat-handtasche","8":"product_tag-hermes-kelly-28","9":"product_tag-kelly-28-schwarz","10":"pa_brand-hermes-de","11":"pa_color-schwarz","12":"pa_grade-grad-1","13":"pa_hermes-models-kelly-de","14":"pa_material-leder","16":"first","17":"outofstock","18":"sold-individually","19":"shipping-taxable","20":"product-type-simple"},"_links":{"self":[{"href":"https:\/\/handbag-sense.com\/de\/wp-json\/wp\/v2\/product\/13605","targetHints":{"allow":["GET"]}}],"collection":[{"href":"https:\/\/handbag-sense.com\/de\/wp-json\/wp\/v2\/product"}],"about":[{"href":"https:\/\/handbag-sense.com\/de\/wp-json\/wp\/v2\/types\/product"}],"wp:featuredmedia":[{"embeddable":true,"href":"https:\/\/handbag-sense.com\/de\/wp-json\/wp\/v2\/media\/18391"}],"wp:attachment":[{"href":"https:\/\/handbag-sense.com\/de\/wp-json\/wp\/v2\/media?parent=13605"}],"wp:term":[{"taxonomy":"product_brand","embeddable":true,"href":"https:\/\/handbag-sense.com\/de\/wp-json\/wp\/v2\/product_brand?post=13605"},{"taxonomy":"product_cat","embeddable":true,"href":"https:\/\/handbag-sense.com\/de\/wp-json\/wp\/v2\/product_cat?post=13605"},{"taxonomy":"product_tag","embeddable":true,"href":"https:\/\/handbag-sense.com\/de\/wp-json\/wp\/v2\/product_tag?post=13605"}],"curies":[{"name":"wp","href":"https:\/\/api.w.org\/{rel}","templated":true}]}}