{"id":13539,"date":"2024-06-20T18:12:56","date_gmt":"2024-06-20T16:12:56","guid":{"rendered":"https:\/\/handbag-sense.com\/?post_type=product&#038;p=13539"},"modified":"2025-05-06T13:02:45","modified_gmt":"2025-05-06T11:02:45","slug":"chanel-jersey-gesteppt-graffiti-reissue-flap-bag-in-marineblau","status":"publish","type":"product","link":"https:\/\/handbag-sense.com\/de\/produkt\/chanel-jersey-gesteppt-graffiti-reissue-flap-bag-in-marineblau\/","title":{"rendered":"Jersey Gesteppt Graffiti Reissue Flap Bag in Marineblau"},"content":{"rendered":"<div class=\"c-columns-m-1 c-columns-2 c-columns-gap-s\">\n<div><strong>Material:<\/strong> Jersey<br \/>\n<strong>Farbe:<\/strong> Marineblau<br \/>\n<strong>Metallelemente:<\/strong> Rhutenium Hardware<br \/>\n<strong>Inner material:<\/strong> Leder<\/div>\n<div><strong>Note: <\/strong>2\u00a0<img decoding=\"async\" class=\"info_box alignnone size-medium wp-image-885\" title=\"Info\" role=\"img\" src=\"https:\/\/handbag-sense.com\/wp-content\/uploads\/2023\/05\/info_icon.svg\" alt=\"info box\" width=\"15\" height=\"15\" \/><br \/>\n<strong>Baujahr\/Seriennummer:<\/strong> 2019, beginnend mit 295...<br \/>\n<strong>Gr\u00f6\u00dfe:<\/strong> 25 x 15 x 7,5 cm<\/div>\n<\/div>\n<p><strong>Beinhaltet:<\/strong> Authentizit\u00e4t Karte, Staubbeutel, Box<\/p>\n","protected":false},"excerpt":{"rendered":"<p><strong>Chanel Jersey Gesteppt Graffiti Reissue Flap Bag in Marineblau. <\/strong>Diese authentische CHANEL Graffiti Reissue 225 Schultertasche ist meisterhaft aus diamantgesteppter Stoff in einem auff\u00e4lligen Dunkelblau gefertigt, verziert mit k\u00fcnstlerischen Kamelien-Motiven und ikonischen Chanel-Logos, die einen modernen Graffiti-Effekt erzeugen. Die Tasche verf\u00fcgt \u00fcber polierte Ruthenium Mademoiselle-Kettenschulterriemen, die einen Hauch von Eleganz hinzuf\u00fcgen und das quadratische Mademoiselle-Drehschloss erg\u00e4nzen. Die Vorderklappe \u00f6ffnet sich anmutig und enth\u00fcllt ein dunkelblaues Lederinnere, das durchdacht mit Einsteckf\u00e4chern f\u00fcr m\u00fchelose Organisation gestaltet ist. In neuwertigem Zustand verspricht diese CHANEL Reissue 225 Flap Bag eine gesch\u00e4tzte Erg\u00e4nzung Ihrer Sammlung zu sein. Sie wird komplett mit einer Echtheitskarte, einem Staubbeutel und der originalen Chanel-Box geliefert.<\/p>\n","protected":false},"featured_media":13445,"template":"","meta":[],"product_brand":[2417],"product_cat":[347],"product_tag":[],"class_list":{"0":"post-13539","1":"product","2":"type-product","3":"status-publish","4":"has-post-thumbnail","6":"product_brand-chanel-de","7":"product_cat-handtasche","8":"pa_brand-chanel-de","9":"pa_chanel-models-2-55-de","10":"pa_chanel-models-timeless-classique-de","11":"pa_color-blau","12":"pa_color-marineblau","13":"pa_color-weiss","14":"pa_grade-grad-4","15":"pa_material-leder","17":"first","18":"outofstock","19":"sold-individually","20":"product-type-simple"},"_links":{"self":[{"href":"https:\/\/handbag-sense.com\/de\/wp-json\/wp\/v2\/product\/13539","targetHints":{"allow":["GET"]}}],"collection":[{"href":"https:\/\/handbag-sense.com\/de\/wp-json\/wp\/v2\/product"}],"about":[{"href":"https:\/\/handbag-sense.com\/de\/wp-json\/wp\/v2\/types\/product"}],"wp:featuredmedia":[{"embeddable":true,"href":"https:\/\/handbag-sense.com\/de\/wp-json\/wp\/v2\/media\/13445"}],"wp:attachment":[{"href":"https:\/\/handbag-sense.com\/de\/wp-json\/wp\/v2\/media?parent=13539"}],"wp:term":[{"taxonomy":"product_brand","embeddable":true,"href":"https:\/\/handbag-sense.com\/de\/wp-json\/wp\/v2\/product_brand?post=13539"},{"taxonomy":"product_cat","embeddable":true,"href":"https:\/\/handbag-sense.com\/de\/wp-json\/wp\/v2\/product_cat?post=13539"},{"taxonomy":"product_tag","embeddable":true,"href":"https:\/\/handbag-sense.com\/de\/wp-json\/wp\/v2\/product_tag?post=13539"}],"curies":[{"name":"wp","href":"https:\/\/api.w.org\/{rel}","templated":true}]}}