{"id":13534,"date":"2024-06-19T18:34:16","date_gmt":"2024-06-19T16:34:16","guid":{"rendered":"https:\/\/handbag-sense.com\/?post_type=product&#038;p=13534"},"modified":"2025-05-06T11:55:31","modified_gmt":"2025-05-06T09:55:31","slug":"hermes-evelyne-16-taurillon-clemence-rouge-h","status":"publish","type":"product","link":"https:\/\/handbag-sense.com\/de\/produkt\/hermes-evelyne-16-taurillon-clemence-rouge-h\/","title":{"rendered":"Evelyne 16 Taurillon Clemence Rouge H"},"content":{"rendered":"<div class=\"c-columns-m-1 c-columns-2 c-columns-gap-s\">\n<div><strong>Material:<\/strong> Clemence Leder<br \/>\n<strong>Farbe:<\/strong> Rouge H<br \/>\n<strong>Metallelemente:<\/strong> Gold Hardware<br \/>\n<strong>Innenmaterial:<\/strong> Naturleder<\/div>\n<div><strong><b>Zustand<\/b>: <\/strong>Brandneu\u00a0<img decoding=\"async\" class=\"info_box alignnone size-medium wp-image-885\" title=\"Info\" role=\"img\" src=\"https:\/\/handbag-sense.com\/wp-content\/uploads\/2023\/05\/info_icon.svg\" alt=\"info box\" width=\"15\" height=\"15\" \/><br \/>\n<strong>Produktionsjahr\/Jahresstempel:<\/strong> 2023\/B<br \/>\n<strong>Gr\u00f6\u00dfe:<\/strong> 16 x 18 x 5 cm<br \/>\n<strong>Versand:<\/strong> Weltweit<\/div>\n<\/div>\n<p><strong>Beinhaltet:<\/strong> Originalrechnung, Staubbeutel, Schulterriemen, Box<\/p>\n","protected":false},"excerpt":{"rendered":"<p><strong>Herm\u00e8s Evelyne 16 Taurillon Clemence Rouge H Gold Hardware<\/strong>. Diese stilvolle Mini Evelyne in der Farbe Rouge H aus strukturiertem Taurillon Clemence-Kalbsleder mit goldener Hardware ist absolut neu. Die Tasche hat tonale N\u00e4hte, einen Zugverschluss und ein perforiertes Hermes H-Oval vorne. Die Tasche \u00f6ffnet sich mit einem \u00fcberkreuzenden Riemen zu einer Naturleder-Innenseite. Sie ist mit einem abnehmbaren Schulter-\/Kreuzgurt aus Canvas und Leder in der Farbe Gold ausgestattet. Dabei handelt es sich um eine wundersch\u00f6ne Kuriertasche von Hermes, ideal f\u00fcr allt\u00e4gliche Erledigungen!<\/p>\n","protected":false},"featured_media":13523,"template":"","meta":[],"product_brand":[2404],"product_cat":[351],"product_tag":[2130,2129],"class_list":{"0":"post-13534","1":"product","2":"type-product","3":"status-publish","4":"has-post-thumbnail","6":"product_brand-hermes-de","7":"product_cat-kleine-taschen","8":"product_tag-evelyne-rouge-h-de","9":"product_tag-hermes-evelyne-16-de","10":"pa_brand-hermes-de","11":"pa_color-bordeaux-de","12":"pa_color-rot","13":"pa_grade-grad-1","14":"pa_hermes-models-evelyne-de","15":"pa_material-leder","17":"first","18":"outofstock","19":"shipping-taxable","20":"product-type-simple"},"_links":{"self":[{"href":"https:\/\/handbag-sense.com\/de\/wp-json\/wp\/v2\/product\/13534","targetHints":{"allow":["GET"]}}],"collection":[{"href":"https:\/\/handbag-sense.com\/de\/wp-json\/wp\/v2\/product"}],"about":[{"href":"https:\/\/handbag-sense.com\/de\/wp-json\/wp\/v2\/types\/product"}],"wp:featuredmedia":[{"embeddable":true,"href":"https:\/\/handbag-sense.com\/de\/wp-json\/wp\/v2\/media\/13523"}],"wp:attachment":[{"href":"https:\/\/handbag-sense.com\/de\/wp-json\/wp\/v2\/media?parent=13534"}],"wp:term":[{"taxonomy":"product_brand","embeddable":true,"href":"https:\/\/handbag-sense.com\/de\/wp-json\/wp\/v2\/product_brand?post=13534"},{"taxonomy":"product_cat","embeddable":true,"href":"https:\/\/handbag-sense.com\/de\/wp-json\/wp\/v2\/product_cat?post=13534"},{"taxonomy":"product_tag","embeddable":true,"href":"https:\/\/handbag-sense.com\/de\/wp-json\/wp\/v2\/product_tag?post=13534"}],"curies":[{"name":"wp","href":"https:\/\/api.w.org\/{rel}","templated":true}]}}