{"id":13526,"date":"2024-06-17T16:52:44","date_gmt":"2024-06-17T14:52:44","guid":{"rendered":"https:\/\/handbag-sense.com\/?post_type=product&#038;p=13526"},"modified":"2025-05-06T11:55:32","modified_gmt":"2025-05-06T09:55:32","slug":"hermes-birkin-30-sellier-veau-madame-schwarz","status":"publish","type":"product","link":"https:\/\/handbag-sense.com\/de\/produkt\/hermes-birkin-30-sellier-veau-madame-schwarz\/","title":{"rendered":"Birkin 30 Sellier Veau Madame Schwarz"},"content":{"rendered":"<div class=\"c-columns-m-1 c-columns-2 c-columns-gap-s\">\n<div><strong>Material:<\/strong> Veau Madame Leder<br \/>\n<strong>Farbe:<\/strong> schwarz<br \/>\n<strong>Metallelemente:<\/strong> Palladium Hardware<br \/>\n<strong>Inner material:<\/strong> Leder<\/div>\n<div><strong>Note: <\/strong> 1 <img decoding=\"async\" class=\"info_box alignnone size-medium wp-image-885\" title=\"Info\" role=\"img\" src=\"https:\/\/handbag-sense.com\/wp-content\/uploads\/2023\/05\/info_icon.svg\" alt=\"info box\" width=\"15\" height=\"15\" \/><br \/>\n<strong>Produktionsjahr \/ Stempel:<\/strong> 2024 \/ W<br \/>\n<strong>Gr\u00f6\u00dfe:<\/strong> 30 x 22 x 16 cm<br \/>\n<strong>Versand:<\/strong> Weltweit<\/div>\n<\/div>\n<p><strong>Enth\u00e4lt:<\/strong> Originalquittung, Staubbeutel, Clochette, Schloss, Schl\u00fcssel, Filz, Heft, Box<\/p>\n","protected":false},"excerpt":{"rendered":"<p><strong>Herm\u00e8s Birkin 30 Sellier Veau Madame Schwarz mit Palladium Hardware<\/strong>. Diese seltene Birkin 30 Tasche im Sellier Style ist handgefertigt aus Veau Madame Leder in der klassische Farbe schwarz, erg\u00e4nzt durch silberne Hardware. Die <strong>Herm\u00e8s Birkin 30<\/strong> ist eine dauerhafte Ikone in der Welt der High-End-Handtaschen und wird seit langem f\u00fcr ihre unvergleichliche Eleganz und Klasse gefeiert. Diese besondere Birkin 30 Sellier wird komplett mit einer Clochette, einem Schloss mit zwei Schl\u00fcsseln, einem Herm\u00e8s-Staubbeutel und der ikonischen orangefarbenen Box geliefert. Die <strong>Herm\u00e8s Birkin 30 Sellier Noir <\/strong>Tasche befindet sich in einem brandneuen Zustand, die Originalrechnung aus dem Jahr 2024 ist im Lieferumfang enthalten. Diese Birkin ist nicht nur eine Handtasche, sondern ein Symbol f\u00fcr zeitlosen Stil und ein kr\u00f6nendes Juwel in jeder Luxuskollektion.<\/p>\n","protected":false},"featured_media":18388,"template":"","meta":[],"product_brand":[2404],"product_cat":[347],"product_tag":[2283,2065],"class_list":{"0":"post-13526","1":"product","2":"type-product","3":"status-publish","4":"has-post-thumbnail","6":"product_brand-hermes-de","7":"product_cat-handtasche","8":"product_tag-birkin-30-schwarz","9":"product_tag-hermes-birkin-sellier-de","10":"pa_brand-hermes-de","11":"pa_color-schwarz","12":"pa_grade-grad-1","13":"pa_hermes-models-birkin-de","14":"pa_material-leder","16":"first","17":"outofstock","18":"shipping-taxable","19":"product-type-simple"},"_links":{"self":[{"href":"https:\/\/handbag-sense.com\/de\/wp-json\/wp\/v2\/product\/13526","targetHints":{"allow":["GET"]}}],"collection":[{"href":"https:\/\/handbag-sense.com\/de\/wp-json\/wp\/v2\/product"}],"about":[{"href":"https:\/\/handbag-sense.com\/de\/wp-json\/wp\/v2\/types\/product"}],"wp:featuredmedia":[{"embeddable":true,"href":"https:\/\/handbag-sense.com\/de\/wp-json\/wp\/v2\/media\/18388"}],"wp:attachment":[{"href":"https:\/\/handbag-sense.com\/de\/wp-json\/wp\/v2\/media?parent=13526"}],"wp:term":[{"taxonomy":"product_brand","embeddable":true,"href":"https:\/\/handbag-sense.com\/de\/wp-json\/wp\/v2\/product_brand?post=13526"},{"taxonomy":"product_cat","embeddable":true,"href":"https:\/\/handbag-sense.com\/de\/wp-json\/wp\/v2\/product_cat?post=13526"},{"taxonomy":"product_tag","embeddable":true,"href":"https:\/\/handbag-sense.com\/de\/wp-json\/wp\/v2\/product_tag?post=13526"}],"curies":[{"name":"wp","href":"https:\/\/api.w.org\/{rel}","templated":true}]}}