{"id":13105,"date":"2024-06-11T22:04:59","date_gmt":"2024-06-11T20:04:59","guid":{"rendered":"https:\/\/handbag-sense.com\/?post_type=product&#038;p=13105"},"modified":"2025-07-12T17:58:25","modified_gmt":"2025-07-12T15:58:25","slug":"hermes-birkin-30-gold-togo-copy","status":"publish","type":"product","link":"https:\/\/handbag-sense.com\/de\/produkt\/hermes-birkin-30-gold-togo-copy\/","title":{"rendered":"Birkin 30 Togo Verso Blue Nuit \/ Orange Poppy"},"content":{"rendered":"<div class=\"c-columns-m-1 c-columns-2 c-columns-gap-s\">\n<div><strong>Material:<\/strong> Togo Leder<br \/>\n<strong>Farbe:<\/strong> Blue Nuit \/ Orange Poppy<br \/>\n<strong>Metallelemente:<\/strong> Palladium Hardware<br \/>\n<strong>Innenmaterial:<\/strong> Leder<\/div>\n<div><strong>Grad: <\/strong>4 <img decoding=\"async\" class=\"info_box alignnone size-medium wp-image-885\" title=\"Info\" role=\"img\" src=\"https:\/\/handbag-sense.com\/wp-content\/uploads\/2023\/05\/info_icon.svg\" alt=\"info box\" width=\"15\" height=\"15\" \/><br \/>\n<strong>Produktionsjahr \/ Stempel:<\/strong> 2017 \/ A<br \/>\n<strong>Gr\u00f6\u00dfe:<\/strong> 30 x 22 x 16 cm<br \/>\n<strong>Versand:<\/strong> Weltweit<\/div>\n<\/div>\n<p><strong>Beinhaltet:<\/strong> Staubbeutel, Box, Clochette, Schloss, Schl\u00fcssel, Filz, Regenschutz<\/p>\n","protected":false},"excerpt":{"rendered":"<p><strong>Herm\u00e8s Birkin 30 Togo Verso Blue Nuit \/ Orange Poppy Palladium Hardware<\/strong>. Diese klassische Birkin 30 Handtasche ist handgefertigt aus Togo Leder in der eleganten Farbe Blue Nuit \/ Orange Poppy mit Palladium Hardware. Die wundersch\u00f6ne Birkin Tasche aus dem Hause <strong>Herm\u00e8s<\/strong>\u00a0gilt als absolute Ikone unter den Handtaschen und steht seit Jahrzehnten f\u00fcr Eleganz und Klasse. Mit dabei sind eine Clochette, ein Schloss mit 2x Schl\u00fcssel, Herm\u00e8s Staubbeutel und die orangene Box. Die\u00a0<strong>Herm\u00e8s Birkin <span style=\"color: black;\">30 <\/span><\/strong><span style=\"color: black;\">w<\/span><span style=\"color: black;\">urde sorgf\u00e4ltig getragen und befindet sich in einem sehr guten Zustand mit minimalen Kratzer auf der Hardware.<\/span><\/p>\n","protected":false},"featured_media":13097,"template":"","meta":[],"product_brand":[2404],"product_cat":[347],"product_tag":[2049,1412,1984],"class_list":{"0":"post-13105","1":"product","2":"type-product","3":"status-publish","4":"has-post-thumbnail","6":"product_brand-hermes-de","7":"product_cat-handtasche","8":"product_tag-birkin-30-togo-de","9":"product_tag-hermes-birkin-30-de","10":"product_tag-hermes-birkin-tasche","11":"pa_brand-hermes-de","12":"pa_color-blau","13":"pa_color-orange-de","14":"pa_grade-grad-4","15":"pa_hermes-models-birkin-de","16":"pa_material-leder","18":"first","19":"outofstock","20":"sold-individually","21":"product-type-simple"},"_links":{"self":[{"href":"https:\/\/handbag-sense.com\/de\/wp-json\/wp\/v2\/product\/13105","targetHints":{"allow":["GET"]}}],"collection":[{"href":"https:\/\/handbag-sense.com\/de\/wp-json\/wp\/v2\/product"}],"about":[{"href":"https:\/\/handbag-sense.com\/de\/wp-json\/wp\/v2\/types\/product"}],"wp:featuredmedia":[{"embeddable":true,"href":"https:\/\/handbag-sense.com\/de\/wp-json\/wp\/v2\/media\/13097"}],"wp:attachment":[{"href":"https:\/\/handbag-sense.com\/de\/wp-json\/wp\/v2\/media?parent=13105"}],"wp:term":[{"taxonomy":"product_brand","embeddable":true,"href":"https:\/\/handbag-sense.com\/de\/wp-json\/wp\/v2\/product_brand?post=13105"},{"taxonomy":"product_cat","embeddable":true,"href":"https:\/\/handbag-sense.com\/de\/wp-json\/wp\/v2\/product_cat?post=13105"},{"taxonomy":"product_tag","embeddable":true,"href":"https:\/\/handbag-sense.com\/de\/wp-json\/wp\/v2\/product_tag?post=13105"}],"curies":[{"name":"wp","href":"https:\/\/api.w.org\/{rel}","templated":true}]}}