{"id":12936,"date":"2024-06-03T17:31:29","date_gmt":"2024-06-03T15:31:29","guid":{"rendered":"https:\/\/handbag-sense.com\/?post_type=product&#038;p=12936"},"modified":"2025-05-06T15:32:10","modified_gmt":"2025-05-06T13:32:10","slug":"hermes-kelly-25-sellier-schwarz-epsom-2","status":"publish","type":"product","link":"https:\/\/handbag-sense.com\/de\/produkt\/hermes-kelly-25-sellier-schwarz-epsom-2\/","title":{"rendered":"Kelly 25 Sellier Schwarz Epsom"},"content":{"rendered":"<div class=\"c-columns-m-1 c-columns-2 c-columns-gap-s\">\n<div><strong>Material:<\/strong> Epsom Leder<br \/>\n<strong>Farbe:<\/strong> Schwarz<br \/>\n<strong>Metallelemente:<\/strong> Goldene Hardware<br \/>\n<strong>Innenmaterial:<\/strong> Leder<\/div>\n<div><strong>Grad:<\/strong> 1 <img decoding=\"async\" class=\"info_box alignnone size-medium wp-image-885\" title=\"Info\" role=\"img\" src=\"https:\/\/handbag-sense.com\/wp-content\/uploads\/2023\/05\/info_icon.svg\" alt=\"info box\" width=\"15\" height=\"15\" \/><br \/>\n<strong>Produktionsjahr\/Stempel:<\/strong> 2024\/W<br \/>\n<strong>Gr\u00f6\u00dfe:<\/strong> 25 x 19 x 9 cm<br \/>\n<strong>Versand:<\/strong> Weltweit<\/div>\n<\/div>\n<p><strong>Beinhaltet:<\/strong> Originalrechnung, Staubbeutel, Schulterriemen, Clochette, Schloss, Schl\u00fcssel, Filz, Booklet, Box<\/p>\n","protected":false},"excerpt":{"rendered":"<p><strong>Herm\u00e8s Kelly 25 Sellier Schwarz Epsom Gold Hardware.<\/strong>\u00a0<a>Diese Kelly 25 Sellier in der Farbe schwarz ist ein absoluter Hingucker. Superschick und sehr elegant zu Kleidern und Highheels.\u00a0<\/a><a>Mit dabei sind ein Schloss mit zwei Schl\u00fcssel, der originale Tragegurt, der originale Staubbeutel, die Herm\u00e8s Box und die Originalrechnung aus 2024, die Persona Daten sind geschw\u00e4rzt.<\/a>\u00a0Sie kann auch wunderbar als Crossbody getragen werden. Die Kelly Tasche aus dem Hause Herm\u00e8s gilt als absolute Ikone unter den Handtaschen und steht seit Jahrzehnten f\u00fcr Eleganz und Klasse. Die Kelly Tasche ist brandneu und ungetragen.<\/p>\n","protected":false},"featured_media":4483,"template":"","meta":[],"product_brand":[2404],"product_cat":[347],"product_tag":[1569,1661,1660],"class_list":{"0":"post-12936","1":"product","2":"type-product","3":"status-publish","4":"has-post-thumbnail","6":"product_brand-hermes-de","7":"product_cat-handtasche","8":"product_tag-hermes-kelly-25","9":"product_tag-hermes-kelly-25-black","10":"product_tag-hermes-kelly-noir","11":"pa_brand-hermes-de","12":"pa_color-schwarz","13":"pa_grade-grad-1","14":"pa_hermes-models-kelly-de","15":"pa_material-leder","17":"first","18":"outofstock","19":"shipping-taxable","20":"product-type-simple"},"_links":{"self":[{"href":"https:\/\/handbag-sense.com\/de\/wp-json\/wp\/v2\/product\/12936","targetHints":{"allow":["GET"]}}],"collection":[{"href":"https:\/\/handbag-sense.com\/de\/wp-json\/wp\/v2\/product"}],"about":[{"href":"https:\/\/handbag-sense.com\/de\/wp-json\/wp\/v2\/types\/product"}],"wp:featuredmedia":[{"embeddable":true,"href":"https:\/\/handbag-sense.com\/de\/wp-json\/wp\/v2\/media\/4483"}],"wp:attachment":[{"href":"https:\/\/handbag-sense.com\/de\/wp-json\/wp\/v2\/media?parent=12936"}],"wp:term":[{"taxonomy":"product_brand","embeddable":true,"href":"https:\/\/handbag-sense.com\/de\/wp-json\/wp\/v2\/product_brand?post=12936"},{"taxonomy":"product_cat","embeddable":true,"href":"https:\/\/handbag-sense.com\/de\/wp-json\/wp\/v2\/product_cat?post=12936"},{"taxonomy":"product_tag","embeddable":true,"href":"https:\/\/handbag-sense.com\/de\/wp-json\/wp\/v2\/product_tag?post=12936"}],"curies":[{"name":"wp","href":"https:\/\/api.w.org\/{rel}","templated":true}]}}