{"id":12689,"date":"2024-05-24T14:58:24","date_gmt":"2024-05-24T12:58:24","guid":{"rendered":"https:\/\/handbag-sense.com\/?post_type=product&#038;p=12689"},"modified":"2025-05-06T13:02:52","modified_gmt":"2025-05-06T11:02:52","slug":"chanel-wallet-on-chain-korallenrot","status":"publish","type":"product","link":"https:\/\/handbag-sense.com\/de\/produkt\/chanel-wallet-on-chain-korallenrot\/","title":{"rendered":"Wallet On Chain Korallenrot"},"content":{"rendered":"<div class=\"c-columns-m-1 c-columns-2 c-columns-gap-s\">\n<div><strong>Material:<\/strong> Lammleder<br \/>\n<strong>Farbe:<\/strong> Korallenrot<br \/>\n<strong>Metallelemente:<\/strong> Silberne Hardware<br \/>\n<strong>Innenmaterial:<\/strong> Textilfutter<\/div>\n<div><strong>Note: <\/strong> 3\/4 <img decoding=\"async\" class=\"info_box alignnone size-medium wp-image-885\" title=\"Info\" role=\"img\" src=\"https:\/\/handbag-sense.com\/wp-content\/uploads\/2023\/05\/info_icon.svg\" alt=\"info box\" width=\"15\" height=\"15\" \/><br \/>\n<strong>Baujahr\/Buchstabe:<\/strong> 2018, beginnt mit 250...<br \/>\n<strong>Gr\u00f6\u00dfe:<\/strong> 19,5 x 13 x 3 cm<\/div>\n<\/div>\n<p><strong>Enth\u00e4lt: <\/strong>Authentizit\u00e4tkarte, Staubbeutel, Box<\/p>\n","protected":false},"excerpt":{"rendered":"<p><strong>Chanel Wallet On Chain Korallenrot. <\/strong>Die Chanel Wallet On Chain ist ein zeitloses Accessoire im klassischen Stil von Chanel. Ihre kleine Gr\u00f6\u00dfe macht sie zur perfekten Abendtasche. Die Tasche ist aus Leder gefertigt, mit goldfarbenen Metallbeschl\u00e4gen und einer Schulterkette. Das Innere der Tasche ist in zwei Hauptf\u00e4cher und ein Rei\u00dfverschlussfach unterteilt. Unter der Klappe befindet sich ein weiteres Rei\u00dfverschlussfach. <strong>Die WOC<\/strong> kann sowohl \u00fcber der Schulter als auch crossbody getragen werden. Diese kleine Tasche ist in sehr gutem Zustand und kommt mit Staubbeutel, Authentizit\u00e4tkarte und Chanel-Box.<\/p>\n","protected":false},"featured_media":12668,"template":"","meta":[],"product_brand":[2417],"product_cat":[347,351,344,346],"product_tag":[],"class_list":{"0":"post-12689","1":"product","2":"type-product","3":"status-publish","4":"has-post-thumbnail","6":"product_brand-chanel-de","7":"product_cat-handtasche","8":"product_cat-kleine-taschen","9":"product_cat-pochette-de","10":"product_cat-abendtasche","11":"pa_brand-chanel-de","12":"pa_chanel-models-wallet-on-chain-de","13":"pa_color-rot","14":"pa_grade-grad-4","15":"pa_material-leder","16":"pa_material-lackleder","18":"first","19":"instock","20":"shipping-taxable","21":"purchasable","22":"product-type-simple"},"_links":{"self":[{"href":"https:\/\/handbag-sense.com\/de\/wp-json\/wp\/v2\/product\/12689","targetHints":{"allow":["GET"]}}],"collection":[{"href":"https:\/\/handbag-sense.com\/de\/wp-json\/wp\/v2\/product"}],"about":[{"href":"https:\/\/handbag-sense.com\/de\/wp-json\/wp\/v2\/types\/product"}],"wp:featuredmedia":[{"embeddable":true,"href":"https:\/\/handbag-sense.com\/de\/wp-json\/wp\/v2\/media\/12668"}],"wp:attachment":[{"href":"https:\/\/handbag-sense.com\/de\/wp-json\/wp\/v2\/media?parent=12689"}],"wp:term":[{"taxonomy":"product_brand","embeddable":true,"href":"https:\/\/handbag-sense.com\/de\/wp-json\/wp\/v2\/product_brand?post=12689"},{"taxonomy":"product_cat","embeddable":true,"href":"https:\/\/handbag-sense.com\/de\/wp-json\/wp\/v2\/product_cat?post=12689"},{"taxonomy":"product_tag","embeddable":true,"href":"https:\/\/handbag-sense.com\/de\/wp-json\/wp\/v2\/product_tag?post=12689"}],"curies":[{"name":"wp","href":"https:\/\/api.w.org\/{rel}","templated":true}]}}